{"id":33,"date":"2020-05-14T10:38:09","date_gmt":"2020-05-14T10:38:09","guid":{"rendered":"http:\/\/bevotech.com\/home\/?page_id=33"},"modified":"2020-05-18T23:24:46","modified_gmt":"2020-05-18T23:24:46","slug":"politicas-de-privacidade","status":"publish","type":"page","link":"https:\/\/bevotech.com\/home\/politicas-de-privacidade\/","title":{"rendered":"Pol\u00edticas de privacidade"},"content":{"rendered":"<div id=\"pl-33\"  class=\"panel-layout\" ><div id=\"pg-33-0\"  class=\"panel-grid panel-has-style\" ><div class=\"siteorigin-panels-stretch panel-row-style panel-row-style-for-33-0\" style=\"padding: 100px 0; \" data-stretch-type=\"full-stretched\" data-overlay=\"true\" data-overlay-color=\"#000000\" ><div id=\"pgc-33-0-0\"  class=\"panel-grid-cell panel-grid-cell-empty\" ><\/div><div id=\"pgc-33-0-1\"  class=\"panel-grid-cell panel-grid-cell-mobile-last\" ><div id=\"panel-33-0-1-0\" class=\"so-panel widget widget_sow-editor panel-first-child panel-last-child\" data-index=\"0\" ><div style=\"text-align: left;\" data-title-color=\"#443f3f\" data-headings-color=\"#443f3f\" class=\"panel-widget-style panel-widget-style-for-33-0-1-0\" ><div\n\t\t\t\n\t\t\tclass=\"so-widget-sow-editor so-widget-sow-editor-base\"\n\t\t\t\n\t\t>\n<div class=\"siteorigin-widget-tinymce textwidget\">\n\t<h3>POL\u00cdTICAS DE PRIVACIDADE<\/h3>\n<h4><strong><span style=\"color: #000000;\">BEVOTECH e a prote\u00e7\u00e3o de dados pessoais<\/span><\/strong><\/h4>\n<p style=\"text-align: justify;\"><span style=\"color: #000000;\">A presente declara\u00e7\u00e3o tem como objetivo esclarecer quais os dados pessoais que recolhemos na intera\u00e7\u00e3o dos utilizadores com o nosso site, e o modo como efetuamos o seu tratamento. <\/span><span style=\"color: #000000;\">Ao navegar neste website est\u00e1 a aceitar as pr\u00e1ticas descritas na presente declara\u00e7\u00e3o.<\/span><\/p>\n<h4 style=\"text-align: justify;\"><span style=\"color: #000000;\">Que informa\u00e7\u00e3o recolhemos acerca de si?<\/span><\/h4>\n<p style=\"text-align: justify;\"><span style=\"color: #000000;\">Recolhemos informa\u00e7\u00e3o acerca de si quando se regista no nosso Website, coloca um pedido de aquisi\u00e7\u00e3o de produtos ou servi\u00e7os. N\u00f3s tamb\u00e9m recolhemos informa\u00e7\u00e3o sua quando voluntariamente preenche question\u00e1rios, usa a ferramenta de conversa\u00e7\u00e3o (\u201cchat\u201d, se existente) ou fornece opini\u00f5es (\u201cfeedback\u201d). A informa\u00e7\u00e3o de uso do Website \u00e9 recolhida usando cookies.<\/span><\/p>\n<h4>De que forma usamos a informa\u00e7\u00e3o recolhida<\/h4>\n<p style=\"text-align: justify;\"><span style=\"color: #000000;\">Os dados recolhidos servem para processar o seu pedido, gerir a sua conta e, se concordar, enviar-lhe por correio eletr\u00f3nico informa\u00e7\u00e3o acerca de outros produtos e servi\u00e7os que pensamos ser do seu interesse. Usamos a informa\u00e7\u00e3o recolhida do Website para personalizar as suas pr\u00f3ximas visitas ao nosso Website.<\/span><\/p>\n<p style=\"text-align: justify;\"><span style=\"color: #000000;\">Os seus dados pessoais, recolhidos com o presente registo, poder\u00e3o ser tratados por encarregados do tratamento, mesmo externos e destinam-se \u00e0 gest\u00e3o do Servi\u00e7o solicitado e \u00e0s actividades de marketing previstas, podendo ser acedidos pelo(s) respons\u00e1vel(eis) pelo tratamento ou pelas sociedades \u00e0s quais os mesmos dados foram comunicados como previsto no par\u00e1grafo seguinte.<\/span><\/p>\n<h4>Marketing<\/h4>\n<p style=\"text-align: justify;\"><span style=\"color: #000000;\">Os seus dados pessoais poder\u00e3o ser comunicados a terceiros para respeitar ordens provenientes de autoridades p\u00fablicas ou para o exerc\u00edcio de um direito em ju\u00edzo. Al\u00e9m disso, com o seu consentimento, os seus dados poder\u00e3o ser comunicados a ag\u00eancias de marketing digital, que tratar\u00e3o tais dados para as finalidades ligadas \u00e0 promo\u00e7\u00e3o dos respectivos produtos e servi\u00e7os, em exclusivo para a nossa empresa. Se n\u00e3o desejar receber outras ofertas\/promo\u00e7\u00f5es comerciais, nem ser contactado por motivos de marketing, ou se pretender verificar, modificar ou cancelar os seus dados, ou simplesmente opor-se \u00e0 sua utiliza\u00e7\u00e3o, basta enviar-nos um email com a sua inten\u00e7\u00e3o.<\/span><\/p>\n<h4>Acesso e corre\u00e7\u00e3o da sua informa\u00e7\u00e3o<\/h4>\n<p style=\"text-align: justify;\"><span style=\"color: #000000;\">Os titulares dos dados t\u00eam o direito de:<\/span><\/p>\n<ul>\n<li style=\"text-align: justify;\"><span style=\"color: #000000;\">Aceder \u00e0 informa\u00e7\u00e3o relacionada com o seu tratamento (Direito de Acesso);<\/span><\/li>\n<li style=\"text-align: justify;\"><span style=\"color: #000000;\">Solicitar a retifica\u00e7\u00e3o de dados inexatos (Direito de Retifica\u00e7\u00e3o);<\/span><\/li>\n<li style=\"text-align: justify;\"><span style=\"color: #000000;\">Solicitar o apagamento dos dados quando, entre outros motivos, j\u00e1 n\u00e3o sejam necess\u00e1rios para os fins que foram recolhidos; a Bevotech deixar\u00e1 de tratar os dados salvo para o exerc\u00edcio ou a defesa de poss\u00edveis reclama\u00e7\u00f5es ( Direito de Esquecimento);<\/span><\/li>\n<li style=\"text-align: justify;\"><span style=\"color: #000000;\">Solicitar a limita\u00e7\u00e3o do tratamento dos seus dados, em cujo caso unicamente poder\u00e3o ser tratados com o seu consentimento, \u00e0 exce\u00e7\u00e3o da sua conserva\u00e7\u00e3o e utiliza\u00e7\u00e3o para o exerc\u00edcio ou a defesa de reclama\u00e7\u00f5es ou com vista \u00e0 prote\u00e7\u00e3o dos direitos de outra pessoa singular ou coletiva ou por raz\u00f5es de interesse p\u00fablico importante da Uni\u00e3o Europeia ou de um determinado Estado membro;<\/span><\/li>\n<li style=\"text-align: justify;\"><span style=\"color: #000000;\">Opor-se ao tratamento dos seus dados, em cujo caso, o (Respons\u00e1vel pelo tratamento) deixar\u00e1 de tratar os dados, salvo para a defesa de poss\u00edveis reclama\u00e7\u00f5es (Direito de Oposi\u00e7\u00e3o);<\/span><\/li>\n<li style=\"text-align: justify;\"><span style=\"color: #000000;\">Receber num formato estruturado, de uso comum e leitura mec\u00e2nica, os dados pessoais que lhe incumbam e que tenha facilitado a Bevotech ou solicitar a esta que os transmita diretamente a outro respons\u00e1vel quando seja tecnicamente poss\u00edvel (Direito de Portabilidade);<\/span><\/li>\n<li style=\"text-align: justify;\"><span style=\"color: #000000;\">Retirar o consentimento concedido, caso o tratamento de dados se baseia no consentimento do titular, sem que isso afete a licitude do tratamento baseado no consentimento previamente dado.<\/span><\/li>\n<\/ul>\n<p><span style=\"color: #000000;\">Todos estes direitos poder\u00e3o ser exercidos mediante comunica\u00e7\u00e3o escrita dirigida \u00e0 Bevotech para o seguinte endere\u00e7o eletr\u00f3nico: <a href=\"mailto:geral@bevotech.com\">geral@bevotech.com<\/a><\/span><\/p>\n<h4>Medidas de seguran\u00e7a<\/h4>\n<p style=\"text-align: justify;\"><span style=\"color: #000000;\">Temos implementadas medidas t\u00e9cnicas e organizacionais adequadas para proteger os seus dados contra perda, modifica\u00e7\u00e3o, roubo ou o acesso por terceiros. Os nossos procedimentos de seguran\u00e7a s\u00e3o regularmente melhorados, de modo a reflectir o progresso tecnol\u00f3gico.<\/span><\/p>\n<h4>Outros sites<\/h4>\n<p style=\"text-align: justify;\"><span style=\"color: #000000;\">Este site pode conter links para outros endere\u00e7os externos. Este comunicado de privacidade apenas se aplica a este site. Ao navegar dever\u00e1 ter aten\u00e7\u00e3o quanto \u00e0s pol\u00edticas de privacidade dos outros endere\u00e7os.<\/span><\/p>\n<h4>Altera\u00e7\u00f5es a este comunicado de privacidade<\/h4>\n<p style=\"text-align: justify;\"><span style=\"color: #000000;\">As nossas pol\u00edticas de privacidade s\u00e3o revistas regularmente e todas as altera\u00e7\u00f5es ser\u00e3o publicadas neste Website. A \u00faltima atualiza\u00e7\u00e3o \u00e9 de 01 de janeiro de 2020.<\/span><\/p>\n<h4>Contactos<\/h4>\n<p style=\"text-align: justify;\"><span style=\"color: #000000;\">Se tiver alguma quest\u00e3o acerca da nossa pol\u00edtica de privacidade ou da informa\u00e7\u00e3o que temos sobre si, contacte-nos atrav\u00e9s do email <a href=\"mailto:geral@bevotech.com\">geral@bevotech.com<\/a><\/span><\/p>\n<\/div>\n<\/div><\/div><\/div><\/div><div id=\"pgc-33-0-2\"  class=\"panel-grid-cell panel-grid-cell-empty\" ><\/div><\/div><\/div><div id=\"pg-33-1\"  class=\"panel-grid panel-has-style\" ><div class=\"siteorigin-panels-stretch panel-row-style panel-row-style-for-33-1\" style=\"padding: 100px 0; \" id=\"cookies\" data-stretch-type=\"full-stretched\" data-overlay=\"true\" data-overlay-color=\"#000000\" ><div id=\"pgc-33-1-0\"  class=\"panel-grid-cell panel-grid-cell-empty\" ><\/div><div id=\"pgc-33-1-1\"  class=\"panel-grid-cell panel-grid-cell-mobile-last\" ><div id=\"panel-33-1-1-0\" class=\"so-panel widget widget_sow-editor panel-first-child panel-last-child\" data-index=\"1\" ><div style=\"text-align: left;\" data-title-color=\"#443f3f\" data-headings-color=\"#443f3f\" class=\"panel-widget-style panel-widget-style-for-33-1-1-0\" ><div\n\t\t\t\n\t\t\tclass=\"so-widget-sow-editor so-widget-sow-editor-base\"\n\t\t\t\n\t\t>\n<div class=\"siteorigin-widget-tinymce textwidget\">\n\t<h3>POL\u00cdTICA DE COOKIES<\/h3>\n<h4>Uso de Cookies<\/h4>\n<p style=\"text-align: justify;\">Este site utiliza cookies para lhe permitir ter a melhor experi\u00eancia como utilizador. Se continuar a navegar est\u00e1 a dar o seu consentimento para a aceita\u00e7\u00e3o dos referidos cookies bem como da nossa Pol\u00edtica de Cookies.<\/p>\n<h4 style=\"text-align: justify;\">O que s\u00e3o cookies?<\/h4>\n<p style=\"text-align: justify;\">Os cookies s\u00e3o pequenos ficheiros de texto gravados no seu equipamento quando acede aos sites. Estes permitem o armazenamento de um conjunto de informa\u00e7\u00f5es relacionadas com o utilizador, em que umas s\u00e3o usadas para reconhecer o utilizador em futuras visitas ao nosso site, e outras s\u00e3o usadas para garantir as funcionalidades disponibilizadas e melhorar o desempenho e a experi\u00eancia do utilizador no site.<\/p>\n<p style=\"text-align: justify;\">O tipo de informa\u00e7\u00e3o que pode ser analisada utilizando cookies \u00e9 a seguinte: nome de utilizador, endere\u00e7o de correio eletr\u00f3nico e palavra-passe, o endere\u00e7o de protocolo de internet (IP) que \u00e9 utilizado para ligar \u00e0 internet, o tipo e a vers\u00e3o de navegador, o sistema operativo e a plataforma utilizada para a liga\u00e7\u00e3o, os endere\u00e7os web (URLs) desde os quais ou atrav\u00e9s dos quais tenha acedido e deixado os nossos servi\u00e7os online, e a data e a hora da referida atividade, entre outros.<\/p>\n<p style=\"text-align: justify;\">Os cookies dos sites podem ser, a qualquer momento, desactivados ou geridos. Para saber como o fazer aceda \u00e0 \u00e1rea de \u201cAjuda\u201d do seu Browser. Aten\u00e7\u00e3o: \u00e9 importante perceber que algumas \u00e1reas do site poder\u00e3o n\u00e3o funcionar correctamente ap\u00f3s a desactiva\u00e7\u00e3o dos cookies.<\/p>\n<h4>Finalidade dos cookies?<\/h4>\n<p style=\"text-align: justify;\">A utiliza\u00e7\u00e3o de cookies optimiza a navega\u00e7\u00e3o do utilizador, permitindo que os dados armazenados melhorem a sua experi\u00eancia no site, aumentando tamb\u00e9m a efici\u00eancia de resposta do endere\u00e7o web. Assim, permitem eliminar algumas a\u00e7\u00f5es repetitivas no site, bem como auxiliar na apresenta\u00e7\u00e3o de informa\u00e7\u00e3o, para ir, o mais poss\u00edvel de encontro aos seus interesses.<\/p>\n<h4>Tipos de cookies utilizados<\/h4>\n<p style=\"text-align: justify;\">Os cookies s\u00e3o segmentados de acordo com a sua finalidade e data de validade.<\/p>\n<p style=\"text-align: justify;\">Os cookies essenciais s\u00e3o elementos fundamentais de acesso a determinadas \u00e1reas do site, tais como o acesso a \u00e1reas seguras do site atrav\u00e9s de login e Password. Desactivando os cookies os mesmos servi\u00e7os poder\u00e3o n\u00e3o ser consultados.<\/p>\n<p style=\"text-align: justify;\">Os cookies de funcionalidade memorizam as prefer\u00eancias de navega\u00e7\u00e3o do utilizador.<\/p>\n<p style=\"text-align: justify;\">Os cookies anal\u00edticos permitem a memoriza\u00e7\u00e3o da forma como determinado site \u00e9 navegado, com a finalidade de apresenta\u00e7\u00e3o de produtos ou servi\u00e7os que v\u00e3o de encontro ao utilizador, atrav\u00e9s da monitoriza\u00e7\u00e3o do site. S\u00e3o exemplos os que guardam as p\u00e1ginas mais visitadas, o tempo em cada p\u00e1gina, produtos ou servi\u00e7os pesquisados, etc. Estes cookies armazenam informa\u00e7\u00f5es de teor estat\u00edstico.<\/p>\n<h4 style=\"text-align: justify;\">Express\u00e3o de consentimento de uso de cookies<\/h4>\n<p style=\"text-align: justify;\">O utilizador ao aceder ao nosso site d\u00e1 o seu consentimento para o uso de cookies atrav\u00e9s de um bot\u00e3o OK no banner que aparece quando o utilizador visita pela primeira vez o nosso site.<\/p>\n<\/div>\n<\/div><\/div><\/div><\/div><div id=\"pgc-33-1-2\"  class=\"panel-grid-cell panel-grid-cell-empty\" ><\/div><\/div><\/div><div id=\"pg-33-2\"  class=\"panel-grid panel-has-style\" ><div class=\"siteorigin-panels-stretch panel-row-style panel-row-style-for-33-2\" style=\"padding: 100px 0; \" id=\"litigios\" data-stretch-type=\"full-stretched\" data-overlay=\"true\" data-overlay-color=\"#000000\" ><div id=\"pgc-33-2-0\"  class=\"panel-grid-cell panel-grid-cell-empty\" ><\/div><div id=\"pgc-33-2-1\"  class=\"panel-grid-cell panel-grid-cell-mobile-last\" ><div id=\"panel-33-2-1-0\" class=\"so-panel widget widget_sow-editor panel-first-child panel-last-child\" data-index=\"2\" ><div style=\"text-align: left;\" data-title-color=\"#443f3f\" data-headings-color=\"#443f3f\" class=\"panel-widget-style panel-widget-style-for-33-2-1-0\" ><div\n\t\t\t\n\t\t\tclass=\"so-widget-sow-editor so-widget-sow-editor-base\"\n\t\t\t\n\t\t>\n<div class=\"siteorigin-widget-tinymce textwidget\">\n\t<h3>RESOLU\u00c7\u00c3O DE LIT\u00cdGIOS ONLINE<\/h3>\n<p>Em caso de lit\u00edgio o consumidor pode recorrer a uma Entidade de Resolu\u00e7\u00e3o Alternativa de Lit\u00edgios de consumo.<\/p>\n<h4>Centro Nacional de Informa\u00e7\u00e3o e Arbitragem de Conflitos de Consumo<\/h4>\n<p>Atua\u00e7\u00e3o em todo o territ\u00f3rio nacional, nas zonas n\u00e3o abrangidas por outro centro de arbitragem de compet\u00eancia regional<br \/>\nContactos CNIACC \u2013 Centro Nacional de Informa\u00e7\u00e3o e Arbitragem de Conflitos de Consumo<br \/>\nFaculdade de Direito da Universidade Nova de Lisboa<br \/>\nCampus de Campolide<br \/>\n1099-032 Lisboa<br \/>\nTel.: 213 847 484<br \/>\nE-mail: cniacc@fd.unl.pt<br \/>\nWeb: www.arbitragemdeconsumo.org<\/p>\n<h4><b>Centro de Informa\u00e7\u00e3o, Medi\u00e7\u00e3o e arbitragem de Conflitos de Consumo do Algarve<\/b><\/h4>\n<p>\u00c1rea geogr\u00e1fica abrangida: Contratos celebrados no Distrito de Faro.<br \/>\nContactos CIMAAL \u2013 Centro de Informa\u00e7\u00e3o, Media\u00e7\u00e3o e Arbitragem de Conflitos de Consumo do Algarve<br \/>\nEdif\u00edcio Ninho de Empresas, Estrada da Penha, 8005-131 Faro<br \/>\nTel.: 289 823 135<br \/>\nE-mail: apoio@consumidoronline.pt; cimaal@mail.telepac.pt<br \/>\nWeb: www.consumidoronline.pt<\/p>\n<h4><b>Centro de Arbitragem de Conflitos de Consumo do Distrito de Coimbra<\/b><\/h4>\n<p>\u00c1rea geogr\u00e1fica abrangida: Contratos celebrados nos munic\u00edpios de Arganil, Cantanhede, Coimbra, Condeixa-a-Nova, Figueira da Foz, G\u00f3is, Lous\u00e3, Mira, Miranda do Corvo, Montemor-o-Velho, Oliveira do Hospital, Penacova, Penela, Soure, T\u00e1bua, Vila Nova de Poiares.<br \/>\nContactos Endere\u00e7o postal:<br \/>\nAv. Fern\u00e3o Magalh\u00e3es, n.\u00ba 240, 1\u00ba \u2013 3000-172 COIMBRA<br \/>\nTel.: 239 821 690<br \/>\nE-mail: geral@centrodearbitragemdecoimbra.com<br \/>\nWeb: www.centrodearbitragemdecoimbra.com<\/p>\n<h4><b>Centro de Arbitragem de Conflitos de Consumo de Lisboa<\/b><\/h4>\n<p>\u00c1rea geogr\u00e1fica de abrang\u00eancia: Contratos celebrados na \u00c1rea Metropolitana de Lisboa, Alcochete, Almada, Amadora, Azambuja, Barreiro, Cascais, Lisboa, Loures, Mafra, Moita, Montijo, Odivelas, Oeiras, Palmela, Seixal, Sesimbra, Set\u00fabal, Sintra e Vila Franca de Xira.<br \/>\nContactos Endere\u00e7o postal: Rua dos Douradores, 116, 2\u00ba \u2013 1100-207 LISBOA<br \/>\nTel: 218 807 030<br \/>\nE-mail: juridico@centroarbitragemlisboa.pt \/ director@centroarbitragemlisboa.pt<br \/>\nWeb: www.centroarbitragemlisboa.pt<\/p>\n<h4><b>Centro de Informa\u00e7\u00e3o de Consumo e Arbitragem do Porto<\/b><\/h4>\n<p>\u00c1rea geogr\u00e1fica de abrang\u00eancia: Contratos celebrados na \u00c1rea Metropolitana do Porto, Arouca, Espinho, Gondomar, Maia, Matosinhos, Oliveira de Azem\u00e9is, Porto, P\u00f3voa de Varzim, Santa Maria da Feira, Santo Tirso, S\u00e3o Jo\u00e3o da Madeira, Trofa, Vale de Cambra, Valongo, Vila do Conde e Vila Nova de Gaia.<br \/>\nContactos Endere\u00e7o postal: Rua Dami\u00e3o de G\u00f3is, 31 \u2013 Loja 6 \u2013 4050-225 Porto<br \/>\nTel.: 225 508 349<br \/>\nE-mail: cicap@mail.telepac.pt<br \/>\nweb: www.cicap.pt<\/p>\n<h4><b>Centro de Informa\u00e7\u00e3o, Media\u00e7\u00e3o e Arbitragem de Consumo (Tribunal Arbitral de consumo)<\/b><\/h4>\n<p>\u00c1rea geogr\u00e1fica de abrang\u00eancia: Contratos celebrados nos munic\u00edpios de Amares, Arcos de Valdevez, Barcelos, Braga, Caminha, Esposende, Melga\u00e7o, Mon\u00e7\u00e3o, Montalegre, Paredes de Coura, Ponte da Barca, P\u00f3voa do Lanhoso, Terras do Bouro, Valen\u00e7a, Viana do Castelo, Vila Nova de Cerveira, Vieira do Minho, Vila Verde.<br \/>\nContactos BRAGA:<br \/>\nRua D Afonso Henriques, n\u00ba 1 (Ed Junta de Freguesia da S\u00e9) 4700 \u2013 030 BRAGA<br \/>\nTel: 253 617 604<br \/>\nE-mail: geral@ciab.pt<br \/>\nVIANA DO CASTELO<br \/>\nAv Rocha Paris, n\u00ba 103 (Edif\u00edcio Vila Rosa) 4900 \u2013 394 VIANA DO CASTELO<br \/>\nTel: 258 809 335<br \/>\nE-mail: ciab.viana@cm-viana-castelo.pt<br \/>\nWeb: www.ciab.pt<\/p>\n<h4><b>Centro de Arbitragem de Conflitos de Consumo da Madeira<\/b><\/h4>\n<p>\u00c1rea geogr\u00e1fica de abrang\u00eancia Contratos celebrados na Regi\u00e3o Aut\u00f3noma da Madeira.<br \/>\nContactos Endere\u00e7o postal: Rua Direita n\u00ba. 27 \u2013 1\u00ba andar \u2013 9050-405 Funchal<br \/>\nTel.: 291 215 070<br \/>\nE-mail: centroarbitragem.srias@madeira.gov.pt<br \/>\nWeb: www.srrh.gov-madeira.pt\/In%C3%ADcio\/tabid\/292\/Default.aspx<\/p>\n<h4><b>Centro de Arbitragem de Conflitos de Consumo do Vale do Ave \/ Tribunal Arbitral<\/b><\/h4>\n<p>\u00c1rea geogr\u00e1fica de abrang\u00eancia: Contratos celebrados nos munic\u00edpios de Cabeceiras de Basto, Fafe, Felgueiras, Guimar\u00e3es, P\u00f3voa de Lanhoso, P\u00f3voa de Varzim, Santo Tirso, Trofa, Vila do Conde, Vila Nova de Famalic\u00e3o, Vizela e Vieira do Minho.<br \/>\nContactos Endere\u00e7o postal: Rua Capit\u00e3o Alfredo Guimar\u00e3es, n.\u00ba 1, 4800-019, Guimar\u00e3es<br \/>\nTel.: 253 422 410<br \/>\nE-mail: triave@gmail.com<br \/>\nWeb: www.triave.pt<\/p>\n<p>Mais informa\u00e7\u00f5es em Portal do Consumidor\u00a0<u><a href=\"http:\/\/www.consumidor.gov.pt\/\" target=\"_blank\" rel=\"noopener noreferrer\">www.consumidor.pt<\/a><\/u><\/p>\n<\/div>\n<\/div><\/div><\/div><\/div><div id=\"pgc-33-2-2\"  class=\"panel-grid-cell panel-grid-cell-empty\" ><\/div><\/div><\/div><\/div>","protected":false},"excerpt":{"rendered":"<p>POL\u00cdTICAS DE PRIVACIDADE BEVOTECH e a prote\u00e7\u00e3o de dados pessoais A presente declara\u00e7\u00e3o tem como objetivo esclarecer quais os dados pessoais que recolhemos na intera\u00e7\u00e3o dos utilizadores com o nosso site, e o modo como efetuamos o seu tratamento. Ao navegar neste website est\u00e1 a aceitar as pr\u00e1ticas descritas na presente declara\u00e7\u00e3o. Que informa\u00e7\u00e3o recolhemos [&hellip;]<\/p>\n","protected":false},"author":1,"featured_media":0,"parent":0,"menu_order":0,"comment_status":"closed","ping_status":"closed","template":"page-templates\/page_fullwidth.php","meta":{"footnotes":""},"class_list":["post-33","page","type-page","status-publish","hentry"],"_links":{"self":[{"href":"https:\/\/bevotech.com\/home\/wp-json\/wp\/v2\/pages\/33","targetHints":{"allow":["GET"]}}],"collection":[{"href":"https:\/\/bevotech.com\/home\/wp-json\/wp\/v2\/pages"}],"about":[{"href":"https:\/\/bevotech.com\/home\/wp-json\/wp\/v2\/types\/page"}],"author":[{"embeddable":true,"href":"https:\/\/bevotech.com\/home\/wp-json\/wp\/v2\/users\/1"}],"replies":[{"embeddable":true,"href":"https:\/\/bevotech.com\/home\/wp-json\/wp\/v2\/comments?post=33"}],"version-history":[{"count":26,"href":"https:\/\/bevotech.com\/home\/wp-json\/wp\/v2\/pages\/33\/revisions"}],"predecessor-version":[{"id":805,"href":"https:\/\/bevotech.com\/home\/wp-json\/wp\/v2\/pages\/33\/revisions\/805"}],"wp:attachment":[{"href":"https:\/\/bevotech.com\/home\/wp-json\/wp\/v2\/media?parent=33"}],"curies":[{"name":"wp","href":"https:\/\/api.w.org\/{rel}","templated":true}]}}