{"id":595,"date":"2020-05-17T17:49:36","date_gmt":"2020-05-17T17:49:36","guid":{"rendered":"http:\/\/bevotech.com\/home\/?page_id=595"},"modified":"2020-06-04T19:49:01","modified_gmt":"2020-06-04T19:49:01","slug":"gestao-de-assiduidade","status":"publish","type":"page","link":"https:\/\/bevotech.com\/home\/gestao-de-assiduidade\/","title":{"rendered":"Gest\u00e3o de Assiduidade"},"content":{"rendered":"<div id=\"pl-595\"  class=\"panel-layout\" ><div id=\"pg-595-0\"  class=\"panel-grid panel-has-style\" ><div class=\"siteorigin-panels-stretch panel-row-style panel-row-style-for-595-0\" style=\"padding: 0px 0; \" data-stretch-type=\"full-stretched\" data-overlay=\"true\" data-overlay-color=\"#000000\" ><div id=\"pgc-595-0-0\"  class=\"panel-grid-cell\" ><div id=\"panel-595-0-0-0\" class=\"so-panel widget widget_sow-image panel-first-child panel-last-child\" data-index=\"0\" ><div style=\"text-align: left;\" data-title-color=\"#443f3f\" data-headings-color=\"#443f3f\" class=\"panel-widget-style panel-widget-style-for-595-0-0-0\" ><div\n\t\t\t\n\t\t\tclass=\"so-widget-sow-image so-widget-sow-image-default-c67d20f9f743-595\"\n\t\t\t\n\t\t>\n<div class=\"sow-image-container\">\n\t\t<img \n\tsrc=\"https:\/\/bevotech.com\/home\/wp-content\/uploads\/2020\/06\/header_gestao_assiduidade.png\" width=\"4267\" height=\"1092\" srcset=\"https:\/\/bevotech.com\/home\/wp-content\/uploads\/2020\/06\/header_gestao_assiduidade.png 4267w, https:\/\/bevotech.com\/home\/wp-content\/uploads\/2020\/06\/header_gestao_assiduidade-300x77.png 300w, https:\/\/bevotech.com\/home\/wp-content\/uploads\/2020\/06\/header_gestao_assiduidade-1024x262.png 1024w, https:\/\/bevotech.com\/home\/wp-content\/uploads\/2020\/06\/header_gestao_assiduidade-768x197.png 768w, https:\/\/bevotech.com\/home\/wp-content\/uploads\/2020\/06\/header_gestao_assiduidade-1536x393.png 1536w, https:\/\/bevotech.com\/home\/wp-content\/uploads\/2020\/06\/header_gestao_assiduidade-2048x524.png 2048w, https:\/\/bevotech.com\/home\/wp-content\/uploads\/2020\/06\/header_gestao_assiduidade-830x212.png 830w, https:\/\/bevotech.com\/home\/wp-content\/uploads\/2020\/06\/header_gestao_assiduidade-230x59.png 230w, https:\/\/bevotech.com\/home\/wp-content\/uploads\/2020\/06\/header_gestao_assiduidade-350x90.png 350w, https:\/\/bevotech.com\/home\/wp-content\/uploads\/2020\/06\/header_gestao_assiduidade-480x123.png 480w\" sizes=\"(max-width: 4267px) 100vw, 4267px\" title=\"Gest\u00e3o de Assiduidade\" alt=\"Gest\u00e3o de Assiduidade\" \t\tclass=\"so-widget-image\"\/>\n\t<\/div>\n\n<\/div><\/div><\/div><\/div><\/div><\/div><div id=\"pg-595-1\"  class=\"panel-grid panel-has-style\" ><div style=\"padding: 0px 0; \" data-overlay=\"true\" data-overlay-color=\"#000000\" class=\"panel-row-style panel-row-style-for-595-1\" ><div id=\"pgc-595-1-0\"  class=\"panel-grid-cell\" ><div id=\"panel-595-1-0-0\" class=\"so-panel widget widget_sow-editor panel-first-child panel-last-child\" data-index=\"1\" ><div style=\"text-align: left;\" data-title-color=\"#443f3f\" data-headings-color=\"#443f3f\" class=\"panel-widget-style panel-widget-style-for-595-1-0-0\" ><div\n\t\t\t\n\t\t\tclass=\"so-widget-sow-editor so-widget-sow-editor-base\"\n\t\t\t\n\t\t>\n<div class=\"siteorigin-widget-tinymce textwidget\">\n\t<h3>Solu\u00e7\u00e3o de Gest\u00e3o de Assiduidade<\/h3>\n<\/div>\n<\/div><\/div><\/div><\/div><\/div><\/div><div id=\"pg-595-2\"  class=\"panel-grid panel-has-style\" ><div style=\"padding: 0px 0; \" data-overlay=\"true\" data-overlay-color=\"#000000\" class=\"panel-row-style panel-row-style-for-595-2\" ><div id=\"pgc-595-2-0\"  class=\"panel-grid-cell\" ><div id=\"panel-595-2-0-0\" class=\"so-panel widget widget_sow-editor panel-first-child panel-last-child\" data-index=\"2\" ><div style=\"text-align: left;\" data-title-color=\"#443f3f\" data-headings-color=\"#443f3f\" class=\"panel-widget-style panel-widget-style-for-595-2-0-0\" ><div\n\t\t\t\n\t\t\tclass=\"so-widget-sow-editor so-widget-sow-editor-base\"\n\t\t\t\n\t\t>\n<div class=\"siteorigin-widget-tinymce textwidget\">\n\t<p style=\"text-align: justify;\">A Bevotech h\u00e1 muito que compreende a import\u00e2ncia crescente da evolu\u00e7\u00e3o e transforma\u00e7\u00e3o da gest\u00e3o de Recursos Humanos no mundo empresarial. Deve-se a isso o facto de sermos l\u00edderes em solu\u00e7\u00f5es de Controlo e Gest\u00e3o de Assiduidade. Com uma pol\u00edtica intensa de estudos aprofundados sobre este tema, e uma vasta gama de hardware, software e servi\u00e7os criados para esta \u00e1rea, temos a solu\u00e7\u00e3o certa para as necessidades da sua empresa.<\/p>\n<p style=\"text-align: justify;\">Recorrendo \u00e0s tecnologias mais avan\u00e7adas como \u00e9 a Biometria, tecnologia esta que o MIT (Massachusetts Institute of Technology) elegeu como uma das 10 tecnologias capazes de mudar o mundo, as solu\u00e7\u00f5es de Assiduidade criadas pela Bevotech est\u00e3o na vanguarda da inova\u00e7\u00e3o, para melhor o servir a si e \u00e0 sua empresa.<\/p>\n<\/div>\n<\/div><\/div><\/div><\/div><div id=\"pgc-595-2-1\"  class=\"panel-grid-cell\" ><div id=\"panel-595-2-1-0\" class=\"so-panel widget widget_sow-image panel-first-child panel-last-child\" data-index=\"3\" ><div style=\"text-align: left;\" data-title-color=\"#443f3f\" data-headings-color=\"#443f3f\" class=\"panel-widget-style panel-widget-style-for-595-2-1-0\" ><div\n\t\t\t\n\t\t\tclass=\"so-widget-sow-image so-widget-sow-image-default-8b5b6f678277-595\"\n\t\t\t\n\t\t>\n<div class=\"sow-image-container\">\n\t\t<img \n\tsrc=\"https:\/\/bevotech.com\/home\/wp-content\/uploads\/2020\/06\/assiduidade_page-480x353.png\" width=\"480\" height=\"353\" srcset=\"https:\/\/bevotech.com\/home\/wp-content\/uploads\/2020\/06\/assiduidade_page-480x353.png 480w, https:\/\/bevotech.com\/home\/wp-content\/uploads\/2020\/06\/assiduidade_page-300x220.png 300w, https:\/\/bevotech.com\/home\/wp-content\/uploads\/2020\/06\/assiduidade_page-1024x752.png 1024w, https:\/\/bevotech.com\/home\/wp-content\/uploads\/2020\/06\/assiduidade_page-768x564.png 768w, https:\/\/bevotech.com\/home\/wp-content\/uploads\/2020\/06\/assiduidade_page-830x610.png 830w, https:\/\/bevotech.com\/home\/wp-content\/uploads\/2020\/06\/assiduidade_page-230x169.png 230w, https:\/\/bevotech.com\/home\/wp-content\/uploads\/2020\/06\/assiduidade_page-350x257.png 350w, https:\/\/bevotech.com\/home\/wp-content\/uploads\/2020\/06\/assiduidade_page.png 1462w\" sizes=\"(max-width: 480px) 100vw, 480px\" title=\"Gest\u00e3o de Assiduidade\" alt=\"Gest\u00e3o de Assiduidade\" \t\tclass=\"so-widget-image\"\/>\n\t<\/div>\n\n<\/div><\/div><\/div><\/div><\/div><\/div><div id=\"pg-595-3\"  class=\"panel-grid panel-has-style\" ><div style=\"padding: 0px 0; \" data-overlay=\"true\" data-overlay-color=\"#000000\" class=\"panel-row-style panel-row-style-for-595-3\" ><div id=\"pgc-595-3-0\"  class=\"panel-grid-cell\" ><div id=\"panel-595-3-0-0\" class=\"so-panel widget widget_sow-image panel-first-child panel-last-child\" data-index=\"4\" ><div style=\"text-align: left;\" data-title-color=\"#443f3f\" data-headings-color=\"#443f3f\" class=\"panel-widget-style panel-widget-style-for-595-3-0-0\" ><div\n\t\t\t\n\t\t\tclass=\"so-widget-sow-image so-widget-sow-image-default-c67d20f9f743-595\"\n\t\t\t\n\t\t>\n<div class=\"sow-image-container\">\n\t\t<img \n\tsrc=\"https:\/\/bevotech.com\/home\/wp-content\/uploads\/2020\/05\/SpaceEnterprise2-150x150.jpg\" width=\"150\" height=\"150\" sizes=\"(max-width: 150px) 100vw, 150px\" alt=\"\" \t\tclass=\"so-widget-image\"\/>\n\t<\/div>\n\n<\/div><\/div><\/div><\/div><div id=\"pgc-595-3-1\"  class=\"panel-grid-cell\" ><div id=\"panel-595-3-1-0\" class=\"so-panel widget widget_sow-image panel-first-child panel-last-child\" data-index=\"5\" ><div style=\"text-align: left;\" data-title-color=\"#443f3f\" data-headings-color=\"#443f3f\" class=\"panel-widget-style panel-widget-style-for-595-3-1-0\" ><div\n\t\t\t\n\t\t\tclass=\"so-widget-sow-image so-widget-sow-image-default-c67d20f9f743-595\"\n\t\t\t\n\t\t>\n<div class=\"sow-image-container\">\n\t\t<img \n\tsrc=\"https:\/\/bevotech.com\/home\/wp-content\/uploads\/2020\/05\/sensor_biometrico2_page-150x150.jpg\" width=\"150\" height=\"150\" sizes=\"(max-width: 150px) 100vw, 150px\" title=\"sensor_biometrico2_page\" alt=\"\" \t\tclass=\"so-widget-image\"\/>\n\t<\/div>\n\n<\/div><\/div><\/div><\/div><div id=\"pgc-595-3-2\"  class=\"panel-grid-cell\" ><div id=\"panel-595-3-2-0\" class=\"so-panel widget widget_sow-image panel-first-child panel-last-child\" data-index=\"6\" ><div style=\"text-align: left;\" data-title-color=\"#443f3f\" data-headings-color=\"#443f3f\" class=\"panel-widget-style panel-widget-style-for-595-3-2-0\" ><div\n\t\t\t\n\t\t\tclass=\"so-widget-sow-image so-widget-sow-image-default-c67d20f9f743-595\"\n\t\t\t\n\t\t>\n<div class=\"sow-image-container\">\n\t\t<img \n\tsrc=\"https:\/\/bevotech.com\/home\/wp-content\/uploads\/2020\/05\/sibzone-150x150.jpg\" width=\"150\" height=\"150\" sizes=\"(max-width: 150px) 100vw, 150px\" alt=\"\" \t\tclass=\"so-widget-image\"\/>\n\t<\/div>\n\n<\/div><\/div><\/div><\/div><div id=\"pgc-595-3-3\"  class=\"panel-grid-cell\" ><div id=\"panel-595-3-3-0\" class=\"so-panel widget widget_sow-image panel-first-child panel-last-child\" data-index=\"7\" ><div style=\"text-align: left;\" data-title-color=\"#443f3f\" data-headings-color=\"#443f3f\" class=\"panel-widget-style panel-widget-style-for-595-3-3-0\" ><div\n\t\t\t\n\t\t\tclass=\"so-widget-sow-image so-widget-sow-image-default-c67d20f9f743-595\"\n\t\t\t\n\t\t>\n<div class=\"sow-image-container\">\n\t\t<img \n\tsrc=\"https:\/\/bevotech.com\/home\/wp-content\/uploads\/2020\/05\/SIBTOWEREntrada-1-scaled-e1589975950711-150x150.jpg\" width=\"150\" height=\"150\" sizes=\"(max-width: 150px) 100vw, 150px\" title=\"SIBTOWEREntrada\" alt=\"\" \t\tclass=\"so-widget-image\"\/>\n\t<\/div>\n\n<\/div><\/div><\/div><\/div><div id=\"pgc-595-3-4\"  class=\"panel-grid-cell\" ><div id=\"panel-595-3-4-0\" class=\"so-panel widget widget_sow-image panel-first-child panel-last-child\" data-index=\"8\" ><div style=\"text-align: left;\" data-title-color=\"#443f3f\" data-headings-color=\"#443f3f\" class=\"panel-widget-style panel-widget-style-for-595-3-4-0\" ><div\n\t\t\t\n\t\t\tclass=\"so-widget-sow-image so-widget-sow-image-default-c67d20f9f743-595\"\n\t\t\t\n\t\t>\n<div class=\"sow-image-container\">\n\t\t<img \n\tsrc=\"https:\/\/bevotech.com\/home\/wp-content\/uploads\/2020\/05\/quem_somos01-150x150.png\" width=\"150\" height=\"150\" sizes=\"(max-width: 150px) 100vw, 150px\" alt=\"\" \t\tclass=\"so-widget-image\"\/>\n\t<\/div>\n\n<\/div><\/div><\/div><\/div><div id=\"pgc-595-3-5\"  class=\"panel-grid-cell\" ><div id=\"panel-595-3-5-0\" class=\"so-panel widget widget_sow-image panel-first-child panel-last-child\" data-index=\"9\" ><div style=\"text-align: left;\" data-title-color=\"#443f3f\" data-headings-color=\"#443f3f\" class=\"panel-widget-style panel-widget-style-for-595-3-5-0\" ><div\n\t\t\t\n\t\t\tclass=\"so-widget-sow-image so-widget-sow-image-default-c67d20f9f743-595\"\n\t\t\t\n\t\t>\n<div class=\"sow-image-container\">\n\t\t<img \n\tsrc=\"https:\/\/bevotech.com\/home\/wp-content\/uploads\/2020\/05\/FaceUniv-150x150.jpg\" width=\"150\" height=\"150\" sizes=\"(max-width: 150px) 100vw, 150px\" alt=\"\" \t\tclass=\"so-widget-image\"\/>\n\t<\/div>\n\n<\/div><\/div><\/div><\/div><\/div><\/div><div id=\"pg-595-4\"  class=\"panel-grid panel-has-style\" ><div style=\"padding: 20px 0; \" data-overlay=\"true\" data-overlay-color=\"#000000\" class=\"panel-row-style panel-row-style-for-595-4\" ><div id=\"pgc-595-4-0\"  class=\"panel-grid-cell\" ><div id=\"panel-595-4-0-0\" class=\"so-panel widget widget_sow-editor panel-first-child panel-last-child\" data-index=\"10\" ><div style=\"text-align: left;\" data-title-color=\"#443f3f\" data-headings-color=\"#443f3f\" class=\"panel-widget-style panel-widget-style-for-595-4-0-0\" ><div\n\t\t\t\n\t\t\tclass=\"so-widget-sow-editor so-widget-sow-editor-base\"\n\t\t\t\n\t\t>\n<div class=\"siteorigin-widget-tinymce textwidget\">\n\t<p style=\"text-align: justify;\">As caracter\u00edsticas da Biom\u00e9trica podem dividir-se em duas partes:<\/p>\n<ul>\n<li>F\u00edsica\/fisiol\u00f3gica (Falamos da forma do nosso corpo): Impress\u00f5es digitais, reconhecimento facial, ADN, impress\u00e3o da palma da m\u00e3o ou a sua geometria, reconhecimento atrav\u00e9s da \u00edris, etc.<\/li>\n<li>Comportamental: Ritmo de teclar, modo de andar, voz, etc.<\/li>\n<\/ul>\n<p>A solu\u00e7\u00e3o perfeita r\u00e1pida, exacta e f\u00e1cil de usar, para registar o volume de trabalho. Perfeito quer para empresas que empregam dezenas como para as que empregam centenas de funcion\u00e1rios.<\/p>\n<\/div>\n<\/div><\/div><\/div><\/div><\/div><\/div><\/div>","protected":false},"excerpt":{"rendered":"<p>Solu\u00e7\u00e3o de Gest\u00e3o de Assiduidade<\/p>\n","protected":false},"author":1,"featured_media":0,"parent":0,"menu_order":0,"comment_status":"closed","ping_status":"closed","template":"page-templates\/page_fullwidth.php","meta":{"footnotes":""},"class_list":["post-595","page","type-page","status-publish","hentry"],"_links":{"self":[{"href":"https:\/\/bevotech.com\/home\/wp-json\/wp\/v2\/pages\/595","targetHints":{"allow":["GET"]}}],"collection":[{"href":"https:\/\/bevotech.com\/home\/wp-json\/wp\/v2\/pages"}],"about":[{"href":"https:\/\/bevotech.com\/home\/wp-json\/wp\/v2\/types\/page"}],"author":[{"embeddable":true,"href":"https:\/\/bevotech.com\/home\/wp-json\/wp\/v2\/users\/1"}],"replies":[{"embeddable":true,"href":"https:\/\/bevotech.com\/home\/wp-json\/wp\/v2\/comments?post=595"}],"version-history":[{"count":110,"href":"https:\/\/bevotech.com\/home\/wp-json\/wp\/v2\/pages\/595\/revisions"}],"predecessor-version":[{"id":1715,"href":"https:\/\/bevotech.com\/home\/wp-json\/wp\/v2\/pages\/595\/revisions\/1715"}],"wp:attachment":[{"href":"https:\/\/bevotech.com\/home\/wp-json\/wp\/v2\/media?parent=595"}],"curies":[{"name":"wp","href":"https:\/\/api.w.org\/{rel}","templated":true}]}}