{"id":708,"date":"2020-05-18T13:17:00","date_gmt":"2020-05-18T13:17:00","guid":{"rendered":"http:\/\/bevotech.com\/home\/?page_id=708"},"modified":"2020-06-04T19:45:50","modified_gmt":"2020-06-04T19:45:50","slug":"mapa-do-site","status":"publish","type":"page","link":"https:\/\/bevotech.com\/home\/mapa-do-site\/","title":{"rendered":"Mapa do site"},"content":{"rendered":"<div id=\"pl-708\"  class=\"panel-layout\" ><div id=\"pg-708-0\"  class=\"panel-grid panel-has-style\" ><div style=\"padding: 0px 0; \" data-overlay=\"true\" data-overlay-color=\"#000000\" class=\"panel-row-style panel-row-style-for-708-0\" ><div id=\"pgc-708-0-0\"  class=\"panel-grid-cell\" ><div id=\"panel-708-0-0-0\" class=\"so-panel widget widget_nav_menu panel-first-child\" data-index=\"0\" ><div style=\"text-align: left;\" data-title-color=\"#443f3f\" data-headings-color=\"#443f3f\" class=\"panel-widget-style panel-widget-style-for-708-0-0-0\" ><div class=\"menu-menu-superior-container\"><ul id=\"menu-menu-superior\" class=\"menu\"><li id=\"menu-item-23\" class=\"menu-item menu-item-type-custom menu-item-object-custom menu-item-home menu-item-23\"><a href=\"http:\/\/bevotech.com\/home\/\">IN\u00cdCIO<\/a><\/li>\n<li id=\"menu-item-229\" class=\"menu-item menu-item-type-custom menu-item-object-custom menu-item-home menu-item-229\"><a href=\"http:\/\/bevotech.com\/home\/#quemsomos\">QUEM SOMOS<\/a><\/li>\n<li id=\"menu-item-269\" class=\"menu-item menu-item-type-custom menu-item-object-custom menu-item-home menu-item-has-children menu-item-269\"><a href=\"http:\/\/bevotech.com\/home\/#produtos\">PRODUTOS<\/a>\n<ul class=\"sub-menu\">\n\t<li id=\"menu-item-635\" class=\"menu-item menu-item-type-post_type menu-item-object-page menu-item-635\"><a href=\"https:\/\/bevotech.com\/home\/controlo-de-acessos\/\">Controlo de Acessos e Alarme<\/a><\/li>\n\t<li id=\"menu-item-598\" class=\"menu-item menu-item-type-post_type menu-item-object-page menu-item-598\"><a href=\"https:\/\/bevotech.com\/home\/gestao-de-assiduidade\/\">Gest\u00e3o de Assiduidade<\/a><\/li>\n\t<li id=\"menu-item-544\" class=\"menu-item menu-item-type-post_type menu-item-object-page menu-item-544\"><a href=\"https:\/\/bevotech.com\/home\/videovigilancia-2\/\">Videovigil\u00e2ncia<\/a><\/li>\n<\/ul>\n<\/li>\n<li id=\"menu-item-268\" class=\"menu-item menu-item-type-custom menu-item-object-custom menu-item-home menu-item-268\"><a href=\"http:\/\/bevotech.com\/home\/#servicos\">SERVICOS<\/a><\/li>\n<li id=\"menu-item-115\" class=\"menu-item menu-item-type-custom menu-item-object-custom menu-item-home menu-item-115\"><a href=\"http:\/\/bevotech.com\/home\/#parceiros\">PARCEIROS<\/a><\/li>\n<li id=\"menu-item-116\" class=\"menu-item menu-item-type-custom menu-item-object-custom menu-item-home menu-item-116\"><a href=\"http:\/\/bevotech.com\/home\/#contactos\">CONTACTOS<\/a><\/li>\n<li id=\"menu-item-1957\" class=\"menu-item menu-item-type-custom menu-item-object-custom menu-item-1957\"><a href=\"https:\/\/store.bevotech.com\">ONLINE STORE<\/a><\/li>\n<\/ul><\/div><\/div><\/div><div id=\"panel-708-0-0-1\" class=\"so-panel widget widget_sow-editor panel-last-child\" data-index=\"1\" ><div style=\"text-align: left;\" data-title-color=\"#443f3f\" data-headings-color=\"#443f3f\" class=\"panel-widget-style panel-widget-style-for-708-0-0-1\" ><div\n\t\t\t\n\t\t\tclass=\"so-widget-sow-editor so-widget-sow-editor-base\"\n\t\t\t\n\t\t>\n<div class=\"siteorigin-widget-tinymce textwidget\">\n\t<ul>\n<li><a href=\"http:\/\/bevotech.com\/home\/politicas-de-privacidade\/\">Pol\u00edticas de privacidade<\/a><\/li>\n<li><a href=\"http:\/\/bevotech.com\/home\/politicas-de-privacidade\/#cookies\">Pol\u00edtica de cookies<\/a><\/li>\n<li><a href=\"http:\/\/bevotech.com\/home\/politicas-de-privacidade\/#litigios\">Resolu\u00e7\u00e3o de lit\u00edgios<\/a><\/li>\n<li><a href=\"https:\/\/www.livroreclamacoes.pt\/inicio\">Livro de reclama\u00e7\u00f5es<\/a><\/li>\n<\/ul>\n<\/div>\n<\/div><\/div><\/div><\/div><\/div><\/div><\/div>","protected":false},"excerpt":{"rendered":"<p>Pol\u00edticas de privacidade Pol\u00edtica de cookies Resolu\u00e7\u00e3o de lit\u00edgios Livro de reclama\u00e7\u00f5es<\/p>\n","protected":false},"author":1,"featured_media":0,"parent":0,"menu_order":0,"comment_status":"closed","ping_status":"closed","template":"","meta":{"footnotes":""},"class_list":["post-708","page","type-page","status-publish","hentry"],"_links":{"self":[{"href":"https:\/\/bevotech.com\/home\/wp-json\/wp\/v2\/pages\/708","targetHints":{"allow":["GET"]}}],"collection":[{"href":"https:\/\/bevotech.com\/home\/wp-json\/wp\/v2\/pages"}],"about":[{"href":"https:\/\/bevotech.com\/home\/wp-json\/wp\/v2\/types\/page"}],"author":[{"embeddable":true,"href":"https:\/\/bevotech.com\/home\/wp-json\/wp\/v2\/users\/1"}],"replies":[{"embeddable":true,"href":"https:\/\/bevotech.com\/home\/wp-json\/wp\/v2\/comments?post=708"}],"version-history":[{"count":17,"href":"https:\/\/bevotech.com\/home\/wp-json\/wp\/v2\/pages\/708\/revisions"}],"predecessor-version":[{"id":1832,"href":"https:\/\/bevotech.com\/home\/wp-json\/wp\/v2\/pages\/708\/revisions\/1832"}],"wp:attachment":[{"href":"https:\/\/bevotech.com\/home\/wp-json\/wp\/v2\/media?parent=708"}],"curies":[{"name":"wp","href":"https:\/\/api.w.org\/{rel}","templated":true}]}}